{"id":10,"date":"2025-07-09T19:23:20","date_gmt":"2025-07-09T22:23:20","guid":{"rendered":"https:\/\/revoltasolar.com.br\/?page_id=10"},"modified":"2025-08-17T02:09:20","modified_gmt":"2025-08-17T05:09:20","slug":"personalizar-cookies","status":"publish","type":"page","link":"https:\/\/revoltasolar.com.br\/?page_id=10","title":{"rendered":"Personalizar Cookies"},"content":{"rendered":"\n<div>\n      <div id=\"custom-cookies-eu-label\">\n\n        Este site utiliza cookies pr\u00f3prios e de terceiros para o seu bom funcionamento, analise estat\u00edstica, publicidade de sua prefer\u00eancia de navega\u00e7\u00e3o. Ao clicar no bot\u00e3o Aceitar, voc\u00ea concorda com o uso destes dados. <a href=\"https:\/\/voleifeminino.com.br\/personalizar-cookies\/\">Mais informa\u00e7\u00e3o<\/a>\n          &nbsp;&nbsp;\n          <a target=\"_blank\" id=\"cookies-eu-more\" rel=\"nofollow\" href=\"https:\/\/revoltasolar.com.br\/?page_id=9\">Mais Informa\u00e7\u00f5es<\/a>\n      <\/div>\n\n      <div id=\"custom-cookies-eu-buttons\" class=\"cookies-eu-buttons\">\n        <button id=\"custom-cookies-eu-reject\" class=\"cookies-eu-reject\">Rejeitar<\/button>\n        <button id=\"custom-cookies-eu-accept\" class=\"cookies-eu-accept\">ACEPTAR TODAS LAS COOKIES<\/button><\/div>\n      <\/div>\n\n<br\/>\n<p>\n\tPuedes cambiar tus preferencias de cookies en cualquier momento si vuelves a la p\u00e1gina de Personalizar cookies, a la que puedes acceder a trav\u00e9s del Aviso de cookies. Para obtener m\u00e1s informaci\u00f3n sobre las cookies y c\u00f3mo las usamos, consulta la p\u00e1gina de <a href=\"https:\/\/revoltasolar.com.br\/?page_id=9\">Pol\u00edtica de Cookies<\/a>.\n<\/p>\n\n<h3>Cookies t\u00e9cnicas<\/h3>\n<p>\n\tSon aquellas que permiten a los usuarios registrados navegar a trav\u00e9s del sitio Web, del \u00e1rea restringida y a utilizar sus diferentes funciones, como por ejemplo, el sistema de comentarios o el buscador y no pueden ser desactivadas.\n<\/p>\n\n<div class=\"custom-cookies-option\">\n  <h3>Cookies de an\u00e1lisis o medici\u00f3n<\/h3>\n  <span>\n    <input type=\"radio\" name=\"cookies-analytics-option\" value=\"true\" class=\"custom-cookies-radio\" data-consent=\"ANLTCS\" id=\"custom-cookies-accept-analytics\" >\n    <label for=\"custom-cookies-accept-analytics\">Activar<\/label>\n    &nbsp;&nbsp;\n    <input type=\"radio\" name=\"cookies-analytics-option\" value=\"false\" class=\"custom-cookies-radio\" data-consent=\"ANLTCS\" id=\"custom-cookies-reject-analytics\" \n    checked>\n    <label for=\"custom-cookies-reject-analytics\">Desactivar<\/label>\n<\/span>\n<\/div>\n\n<p>\n\tSon aquellas que, bien tratadas por el sitio Web o por terceros, permiten cuantificar el n\u00famero de usuarios y as\u00ed realizar la medici\u00f3n y an\u00e1lisis estad\u00edstico de la utilizaci\u00f3n que hacen los usuarios del sitio Web. Para ello se analiza la navegaci\u00f3n que realizas en este sitio Web con el fin de mejorarlo.\n<\/p>\n\n\n<p data-start=\"182\" data-end=\"373\">Este site utiliza cookies e tecnologias semelhantes para garantir o funcionamento adequado, melhorar a navega\u00e7\u00e3o, analisar o tr\u00e1fego e oferecer uma experi\u00eancia personalizada aos visitantes.<\/p>\n<p data-start=\"375\" data-end=\"635\">Voc\u00ea pode escolher quais categorias de cookies deseja permitir. O uso de <strong data-start=\"448\" data-end=\"470\">cookies essenciais<\/strong> \u00e9 obrigat\u00f3rio para o funcionamento b\u00e1sico do site e n\u00e3o pode ser desativado. Os demais s\u00e3o opcionais e podem ser ativados ou desativados conforme sua prefer\u00eancia.<\/p>\n<h2 data-start=\"637\" data-end=\"663\">Categorias de Cookies<\/h2>\n<ul data-start=\"665\" data-end=\"1315\">\n<li data-start=\"665\" data-end=\"841\">\n<p data-start=\"667\" data-end=\"841\"><strong data-start=\"667\" data-end=\"697\">Essenciais (obrigat\u00f3rios):<\/strong><br data-start=\"697\" data-end=\"700\" \/>Necess\u00e1rios para que o site funcione corretamente. Incluem, por exemplo, configura\u00e7\u00f5es de seguran\u00e7a, autentica\u00e7\u00e3o e prefer\u00eancias b\u00e1sicas.<\/p>\n<\/li>\n<li data-start=\"843\" data-end=\"1019\">\n<p data-start=\"845\" data-end=\"1019\"><strong data-start=\"845\" data-end=\"860\">Anal\u00edticos:<\/strong><br data-start=\"860\" data-end=\"863\" \/>Utilizados para coletar informa\u00e7\u00f5es de forma an\u00f4nima e agregada sobre como os visitantes utilizam o site, ajudando a melhorar seu desempenho e conte\u00fado.<\/p>\n<\/li>\n<li data-start=\"1021\" data-end=\"1176\">\n<p data-start=\"1023\" data-end=\"1176\"><strong data-start=\"1023\" data-end=\"1038\">Funcionais:<\/strong><br data-start=\"1038\" data-end=\"1041\" \/>Permitem que o site lembre suas escolhas, como idioma ou configura\u00e7\u00f5es de exibi\u00e7\u00e3o, para oferecer uma navega\u00e7\u00e3o mais personalizada.<\/p>\n<\/li>\n<li data-start=\"1178\" data-end=\"1315\">\n<p data-start=\"1180\" data-end=\"1315\"><strong data-start=\"1180\" data-end=\"1206\">Publicidade\/Marketing:<\/strong><br data-start=\"1206\" data-end=\"1209\" \/>Utilizados para fornecer an\u00fancios e conte\u00fados mais relevantes para voc\u00ea, dentro ou fora do nosso site.<\/p>\n<\/li>\n<\/ul>\n<h2 data-start=\"1317\" data-end=\"1335\">Suas escolhas<\/h2>\n<p data-start=\"1337\" data-end=\"1349\">Voc\u00ea pode:<\/p>\n<ul data-start=\"1350\" data-end=\"1486\">\n<li data-start=\"1350\" data-end=\"1382\">\n<p data-start=\"1352\" data-end=\"1382\"><strong data-start=\"1352\" data-end=\"1380\">Aceitar todos os cookies<\/strong><\/p>\n<\/li>\n<li data-start=\"1383\" data-end=\"1431\">\n<p data-start=\"1385\" data-end=\"1431\"><strong data-start=\"1385\" data-end=\"1429\">Rejeitar todos os cookies n\u00e3o essenciais<\/strong><\/p>\n<\/li>\n<li data-start=\"1432\" data-end=\"1486\">\n<p data-start=\"1434\" data-end=\"1486\"><strong data-start=\"1434\" data-end=\"1450\">Personalizar<\/strong> quais categorias deseja habilitar<\/p>\n<\/li>\n<\/ul>\n<p data-start=\"1488\" data-end=\"1626\">Suas prefer\u00eancias podem ser alteradas a qualquer momento por meio das configura\u00e7\u00f5es do navegador ou do painel de privacidade deste site.<\/p>\n","protected":false},"excerpt":{"rendered":"<p>Este site utiliza cookies pr\u00f3prios e de terceiros para o seu bom funcionamento, analise estat\u00edstica, publicidade de sua prefer\u00eancia de navega\u00e7\u00e3o. Ao clicar no bot\u00e3o Aceitar, voc\u00ea concorda com o uso destes dados. Mais informa\u00e7\u00e3o &nbsp;&nbsp; Mais Informa\u00e7\u00f5es Rejeitar ACEPTAR TODAS LAS COOKIES Puedes cambiar tus preferencias de cookies en cualquier momento si vuelves a [&hellip;]<\/p>\n","protected":false},"author":1,"featured_media":0,"parent":0,"menu_order":0,"comment_status":"closed","ping_status":"closed","template":"","meta":{"om_disable_all_campaigns":false,"_monsterinsights_skip_tracking":false,"_monsterinsights_sitenote_active":false,"_monsterinsights_sitenote_note":"","_monsterinsights_sitenote_category":0,"footnotes":""},"class_list":["post-10","page","type-page","status-publish","hentry"],"aioseo_notices":[],"_links":{"self":[{"href":"https:\/\/revoltasolar.com.br\/index.php?rest_route=\/wp\/v2\/pages\/10","targetHints":{"allow":["GET"]}}],"collection":[{"href":"https:\/\/revoltasolar.com.br\/index.php?rest_route=\/wp\/v2\/pages"}],"about":[{"href":"https:\/\/revoltasolar.com.br\/index.php?rest_route=\/wp\/v2\/types\/page"}],"author":[{"embeddable":true,"href":"https:\/\/revoltasolar.com.br\/index.php?rest_route=\/wp\/v2\/users\/1"}],"replies":[{"embeddable":true,"href":"https:\/\/revoltasolar.com.br\/index.php?rest_route=%2Fwp%2Fv2%2Fcomments&post=10"}],"version-history":[{"count":1,"href":"https:\/\/revoltasolar.com.br\/index.php?rest_route=\/wp\/v2\/pages\/10\/revisions"}],"predecessor-version":[{"id":14,"href":"https:\/\/revoltasolar.com.br\/index.php?rest_route=\/wp\/v2\/pages\/10\/revisions\/14"}],"wp:attachment":[{"href":"https:\/\/revoltasolar.com.br\/index.php?rest_route=%2Fwp%2Fv2%2Fmedia&parent=10"}],"curies":[{"name":"wp","href":"https:\/\/api.w.org\/{rel}","templated":true}]}}